{"id":30,"date":"2019-03-06T07:16:44","date_gmt":"2019-03-06T07:16:44","guid":{"rendered":"https:\/\/pearlthemes.com\/theme\/medicalguide\/?page_id=30"},"modified":"2024-02-14T00:22:24","modified_gmt":"2024-02-14T00:22:24","slug":"home","status":"publish","type":"page","link":"https:\/\/medexpress2022.com\/de\/","title":{"rendered":"Startseite"},"content":{"rendered":"<div class=\"wpb-content-wrapper\"><div class=\"vc_row wpb_row vc_row-fluid vc_custom_1703606818802 vc_row-has-fill vc_row-o-content-middle vc_row-flex\"><div class=\"wpb_animate_when_almost_visible wpb_fadeInUp fadeInUp wpb_column vc_column_container vc_col-sm-12\" id=\"services\"><div class=\"vc_column-inner vc_custom_1703940325574\"><div class=\"wpb_wrapper\">\t<div class=\"container main-heading-container\">\n\t\t<div class=\"main-title\">\n\t\t\t<h2>Willkommen zu <strong>MEDEXPRESS<\/strong><\/h2><p>Das medizinische Zentrum richtet sich an Touristen, die Bulgarien im Urlaub besuchen und sich in Badeorten an der Nordostk\u00fcste des Schwarzen Meeres aufhalten. Mit \u00fcber 10 Jahren Erfahrung widmen wir uns der Bereitstellung qualitativ hochwertiger medizinischer Dienstleistungen, um das Wohlergehen unserer Patienten zu gew\u00e4hrleisten.<\/p>\t\t<\/div>\n\t<\/div>\n\t<div class=\"vc_separator wpb_content_element vc_separator_align_center vc_sep_width_100 vc_sep_pos_align_center vc_separator_no_text vc_sep_color_grey wpb_content_element  wpb_content_element\" ><span class=\"vc_sep_holder vc_sep_holder_l\"><span class=\"vc_sep_line\"><\/span><\/span><span class=\"vc_sep_holder vc_sep_holder_r\"><span class=\"vc_sep_line\"><\/span><\/span>\n<\/div>\t<div class=\"container main-heading-container\">\n\t\t<div class=\"main-title\">\n\t\t\t<h2><strong>Medizinischer Dienst<\/strong><\/h2><p>Unser medizinisches Zentrum bietet umfassende medizinische Behandlung f\u00fcr Touristen in Not, wobei der Schwerpunkt auf der Bereitstellung au\u00dfergew\u00f6hnlicher Pflege liegt. Wir sind f\u00fcr die Bew\u00e4ltigung einer Vielzahl medizinischer Erkrankungen und Notf\u00e4lle ger\u00fcstet und bieten unseren Patienten die notwendige Pflege und Unterst\u00fctzung<\/p>\t\t<\/div>\n\t<\/div>\n\t<\/div><\/div><\/div><\/div><div class=\"vc_row wpb_row vc_row-fluid vc_custom_1703606379768\"><div class=\"container\"><div class=\"row\"><div class=\"wpb_animate_when_almost_visible wpb_fadeInLeft fadeInLeft wpb_column vc_column_container vc_col-sm-6\"><div class=\"vc_column-inner\"><div class=\"wpb_wrapper\">\t<div class=\"col-md-12 static-service\">\n\t\t\t\t\t\t<div class=\"service-sec-one high-space\">\n\t\t\t\t\t\t\t\t\t\t\t<div class=\"icon\">\n\t\t\t\t\t\t\t<i class=\"icon-patient-bed\"><\/i>\t\t\t\t\t\t<\/div>\n\t\t\t\t\t\t\t\t\t\t\t<div class=\"detail\">\n\t\t\t\t\t\t<h5>Medizinische Behandlung:<\/h5><p>Unabh\u00e4ngig davon, ob Sie ein geringf\u00fcgiges Gesundheitsproblem oder eine komplexere Erkrankung haben, bieten unsere Zentren ein umfassendes Spektrum an medizinischen Behandlungen. Unsere Dienstleistungen decken sowohl station\u00e4re als auch ambulante Bed\u00fcrfnisse ab und stellen sicher, dass Sie in guten H\u00e4nden sind, egal ob Sie eine einfache Beratung oder einen l\u00e4ngeren Krankenhausaufenthalt ben\u00f6tigen.<\/p>\t\t\t\t\t<\/div>\n\t\t\t\t<\/div>\n\t\t\t\t\t<\/div>\n\t\t<div class=\"col-md-12 static-service\">\n\t\t\t\t\t\t<div class=\"service-sec-one high-space\">\n\t\t\t\t\t\t\t\t\t\t\t<div class=\"icon\">\n\t\t\t\t\t\t\t<i class=\"icon-mortar-pestle\"><\/i>\t\t\t\t\t\t<\/div>\n\t\t\t\t\t\t\t\t\t\t\t<div class=\"detail\">\n\t\t\t\t\t\t<h5>Au\u00dfergew\u00f6hnliche Pflege:<\/h5><p>Erleben Sie Gesundheitsversorgung der besonderen Art! Wir sind stolz darauf, au\u00dfergew\u00f6hnliche Pflege zu bieten und uns dabei auf Ihren Komfort und Ihre Zufriedenheit zu konzentrieren. Unser patientenzentrierter Ansatz bedeutet, dass Ihre individuellen Bed\u00fcrfnisse und Anliegen bei unserer Betreuung stets im Vordergrund stehen.<\/p>\t\t\t\t\t<\/div>\n\t\t\t\t<\/div>\n\t\t\t\t\t<\/div>\n\t<\/div><\/div><\/div><div class=\"wpb_animate_when_almost_visible wpb_fadeInRight fadeInRight wpb_column vc_column_container vc_col-sm-6\"><div class=\"vc_column-inner\"><div class=\"wpb_wrapper\">\t<div class=\"col-md-12 static-service\">\n\t\t\t\t\t\t<div class=\"service-sec-one high-space\">\n\t\t\t\t\t\t\t\t\t\t\t<div class=\"icon\">\n\t\t\t\t\t\t\t<i class=\"icon-ambulanc\"><\/i>\t\t\t\t\t\t<\/div>\n\t\t\t\t\t\t\t\t\t\t\t<div class=\"detail\">\n\t\t\t\t\t\t<h5>Notdienste:<\/h5><p>Bei unerwarteten gesundheitlichen Notf\u00e4llen k\u00f6nnen Sie sicher sein, dass wir bestens ger\u00fcstet sind, um eine schnelle und effektive Versorgung zu gew\u00e4hrleisten. Unsere Notfalldienste sind darauf ausgelegt, dringende medizinische Bed\u00fcrfnisse umgehend zu erf\u00fcllen und Ihnen Sicherheit zu bieten, wenn es darauf ankommt.<\/p>\t\t\t\t\t<\/div>\n\t\t\t\t<\/div>\n\t\t\t\t\t<\/div>\n\t\t<div class=\"col-md-12 static-service\">\n\t\t\t\t\t\t<div class=\"service-sec-one high-space\">\n\t\t\t\t\t\t\t\t\t\t\t<div class=\"icon\">\n\t\t\t\t\t\t\t<i class=\"icon-doctor\"><\/i>\t\t\t\t\t\t<\/div>\n\t\t\t\t\t\t\t\t\t\t\t<div class=\"detail\">\n\t\t\t\t\t\t<h5>Qualifizierte \u00c4rzte:<\/h5><p>Vertrauen Sie unserem Team aus hochqualifizierten \u00c4rzten, von denen jeder ein Experte auf seinem Gebiet ist. Mit unseren qualifizierten Fachkr\u00e4ften erhalten Sie eine Betreuung, die auf umfassendem Wissen und Erfahrung basiert und sicherstellt, dass Sie Zugang zu der besten verf\u00fcgbaren medizinischen Beratung und Behandlung haben.<\/p>\t\t\t\t\t<\/div>\n\t\t\t\t<\/div>\n\t\t\t\t\t<\/div>\n\t<\/div><\/div><\/div><\/div><\/div><\/div><div class=\"vc_row wpb_row vc_row-fluid vc_custom_1474014717811 vc_row-has-fill\"><div class=\"wpb_animate_when_almost_visible wpb_fadeInUp fadeInUp wpb_column vc_column_container vc_col-sm-12\" id=\"clinics\"><div class=\"vc_column-inner\"><div class=\"wpb_wrapper\">\t<div class=\"container main-heading-container\">\n\t\t<div class=\"main-title\">\n\t\t\t<h2><strong>Anzahl Kliniken:<\/strong><\/h2><p>Um den Bed\u00fcrfnissen unserer Patienten besser gerecht zu werden, haben wir an der Nordostk\u00fcste vier Kliniken eingerichtet. Drei Kliniken befinden sich in Goldstrand in den Hotels Astoria, Melia Grand Hermitage und Gladiola. Dar\u00fcber hinaus haben wir eine Klinik in Topola Sky.<\/p>\t\t<\/div>\n\t<\/div>\n\t\t<div class=\"container\">\n\n\t\t<div id=\"tabbed-nav\">\n\t\t\t<ul>\n\t\t\t\t\t\t\t\t\t<li data-post=\"\">\n\t\t\t\t\t\t<a>Hotel Astoria<\/a>\n\t\t\t\t\t<\/li>\n\t\t\t\t\t\t\t\t\t<li data-post=\"\">\n\t\t\t\t\t\t<a>Hotel Melia Grand Hermitage<\/a>\n\t\t\t\t\t<\/li>\n\t\t\t\t\t\t\t\t\t<li data-post=\"\">\n\t\t\t\t\t\t<a>Hotel Gladiola<\/a>\n\t\t\t\t\t<\/li>\n\t\t\t\t\t\t\t\t\t<li data-post=\"\">\n\t\t\t\t\t\t<a>Topola Skies Resort<\/a>\n\t\t\t\t\t<\/li>\n\t\t\t\t\t\t\t<\/ul>\n\n\n\t\t\t<div>\n\t\t\t\t\t\t\t\t\t\t<div data-post=\"100\">\n\t\t\t\t\t\t\t<div class=\"row\">\n\n\t\t\t\t\t\t\t\t<div class=\"col-md-5\">\n\t\t\t\t\t\t\t\t\t<div class=\"welcome-serv-img\">\n\t\t\t\t\t\t\t\t\t\t<img loading=\"lazy\" decoding=\"async\" width=\"762\" height=\"700\" src=\"https:\/\/medexpress2022.com\/wp-content\/uploads\/2019\/03\/Hotel-Astoria-762x700.jpeg\" class=\"attachment-pearl_image_size_762_700 size-pearl_image_size_762_700 wp-post-image\" alt=\"\" \/>\t\t\t\t\t\t\t\t\t<\/div>\n\t\t\t\t\t\t\t\t<\/div>\n\n\t\t\t\t\t\t\t\t<div class=\"col-md-7\">\n\t\t\t\t\t\t\t\t\t<div class=\"detail detail-btn\">\n\t\t\t\t\t\t\t\t\t\t<h4>Hotel Astoria<\/h4>\n\t\t\t\t\t\t\t\t\t\t<div class=\"ser-content\">\n\t\t\t\t\t\t\t\t\t\t\t<p>LOCATION 22 Seaside Boulevard, Varna 9007, Bulgaria DISTANCES 0.1 km from Beach 17 km from City Centre 26 km from Varna Airport<\/p>\n\t\t\t\t\t\t\t\t\t\t<\/div>\n\t\t\t\t\t\t\t\t\t\t<a href=\"https:\/\/medexpress2022.com\/de\/service\/hotel-astoria\/\">Read More<\/a>\n\t\t\t\t\t\t\t\t\t<\/div>\n\t\t\t\t\t\t\t\t<\/div>\n\n\t\t\t\t\t\t\t<\/div>\n\t\t\t\t\t\t<\/div>\n\t\t\t\t\t\t\t\t\t\t\t\t<div data-post=\"99\">\n\t\t\t\t\t\t\t<div class=\"row\">\n\n\t\t\t\t\t\t\t\t<div class=\"col-md-5\">\n\t\t\t\t\t\t\t\t\t<div class=\"welcome-serv-img\">\n\t\t\t\t\t\t\t\t\t\t<img loading=\"lazy\" decoding=\"async\" width=\"762\" height=\"683\" src=\"https:\/\/medexpress2022.com\/wp-content\/uploads\/2019\/03\/HotelMlia-762x683.jpeg\" class=\"attachment-pearl_image_size_762_700 size-pearl_image_size_762_700 wp-post-image\" alt=\"\" \/>\t\t\t\t\t\t\t\t\t<\/div>\n\t\t\t\t\t\t\t\t<\/div>\n\n\t\t\t\t\t\t\t\t<div class=\"col-md-7\">\n\t\t\t\t\t\t\t\t\t<div class=\"detail detail-btn\">\n\t\t\t\t\t\t\t\t\t\t<h4>Hotel Melia Grand Hermitage<\/h4>\n\t\t\t\t\t\t\t\t\t\t<div class=\"ser-content\">\n\t\t\t\t\t\t\t\t\t\t\t<p>LOCATION 5 Paradise Road, Varna 9007, Bulgaria DISTANCES 0.1 km from Beach 17 km from City Centre 26 km from Varna Airport<\/p>\n\t\t\t\t\t\t\t\t\t\t<\/div>\n\t\t\t\t\t\t\t\t\t\t<a href=\"https:\/\/medexpress2022.com\/de\/service\/hotel-melia-grand-hermitage\/\">Read More<\/a>\n\t\t\t\t\t\t\t\t\t<\/div>\n\t\t\t\t\t\t\t\t<\/div>\n\n\t\t\t\t\t\t\t<\/div>\n\t\t\t\t\t\t<\/div>\n\t\t\t\t\t\t\t\t\t\t\t\t<div data-post=\"98\">\n\t\t\t\t\t\t\t<div class=\"row\">\n\n\t\t\t\t\t\t\t\t<div class=\"col-md-5\">\n\t\t\t\t\t\t\t\t\t<div class=\"welcome-serv-img\">\n\t\t\t\t\t\t\t\t\t\t<img loading=\"lazy\" decoding=\"async\" width=\"762\" height=\"681\" src=\"https:\/\/medexpress2022.com\/wp-content\/uploads\/2019\/03\/Hotelgldiola-762x681.jpeg\" class=\"attachment-pearl_image_size_762_700 size-pearl_image_size_762_700 wp-post-image\" alt=\"\" \/>\t\t\t\t\t\t\t\t\t<\/div>\n\t\t\t\t\t\t\t\t<\/div>\n\n\t\t\t\t\t\t\t\t<div class=\"col-md-7\">\n\t\t\t\t\t\t\t\t\t<div class=\"detail detail-btn\">\n\t\t\t\t\t\t\t\t\t\t<h4>Hotel Gladiola<\/h4>\n\t\t\t\t\t\t\t\t\t\t<div class=\"ser-content\">\n\t\t\t\t\t\t\t\t\t\t\t<p>LOCATION Golden Sands, Varna 9007, Bulgaria DISTANCES 0.2 km from Beach 18 km from City Centre 25 km from Varna Airport<\/p>\n\t\t\t\t\t\t\t\t\t\t<\/div>\n\t\t\t\t\t\t\t\t\t\t<a href=\"https:\/\/medexpress2022.com\/de\/service\/hotel-gladiola\/\">Read More<\/a>\n\t\t\t\t\t\t\t\t\t<\/div>\n\t\t\t\t\t\t\t\t<\/div>\n\n\t\t\t\t\t\t\t<\/div>\n\t\t\t\t\t\t<\/div>\n\t\t\t\t\t\t\t\t\t\t\t\t<div data-post=\"97\">\n\t\t\t\t\t\t\t<div class=\"row\">\n\n\t\t\t\t\t\t\t\t<div class=\"col-md-5\">\n\t\t\t\t\t\t\t\t\t<div class=\"welcome-serv-img\">\n\t\t\t\t\t\t\t\t\t\t<img loading=\"lazy\" decoding=\"async\" width=\"560\" height=\"560\" src=\"https:\/\/medexpress2022.com\/wp-content\/uploads\/2019\/03\/topolasky.jpeg\" class=\"attachment-pearl_image_size_762_700 size-pearl_image_size_762_700 wp-post-image\" alt=\"\" srcset=\"https:\/\/medexpress2022.com\/wp-content\/uploads\/2019\/03\/topolasky.jpeg 560w, https:\/\/medexpress2022.com\/wp-content\/uploads\/2019\/03\/topolasky-300x300.jpeg 300w, https:\/\/medexpress2022.com\/wp-content\/uploads\/2019\/03\/topolasky-150x150.jpeg 150w, https:\/\/medexpress2022.com\/wp-content\/uploads\/2019\/03\/topolasky-270x270.jpeg 270w\" sizes=\"auto, (max-width: 560px) 100vw, 560px\" \/>\t\t\t\t\t\t\t\t\t<\/div>\n\t\t\t\t\t\t\t\t<\/div>\n\n\t\t\t\t\t\t\t\t<div class=\"col-md-7\">\n\t\t\t\t\t\t\t\t\t<div class=\"detail detail-btn\">\n\t\t\t\t\t\t\t\t\t\t<h4>Topola Skies Resort<\/h4>\n\t\t\t\t\t\t\t\t\t\t<div class=\"ser-content\">\n\t\t\t\t\t\t\t\t\t\t\t<p>LOCATION Topola Skies, 9654 Topola Village DISTANCES 2 km from Beach 10 km from Kavarna City Centre 60 km from Varna Airport<\/p>\n\t\t\t\t\t\t\t\t\t\t<\/div>\n\t\t\t\t\t\t\t\t\t\t<a href=\"https:\/\/medexpress2022.com\/de\/service\/operation-theater\/\">Read More<\/a>\n\t\t\t\t\t\t\t\t\t<\/div>\n\t\t\t\t\t\t\t\t<\/div>\n\n\t\t\t\t\t\t\t<\/div>\n\t\t\t\t\t\t<\/div>\n\t\t\t\t\t\t\t\t\t<\/div>\n\t\t<\/div>\n\n\t<\/div>\n\t<\/div><\/div><\/div><\/div><div data-vc-parallax=\"1.5\" data-vc-parallax-image=\"https:\/\/medexpress2022.com\/wp-content\/uploads\/2019\/03\/dr-testimonial-bg.jpg\" class=\"vc_row wpb_row vc_row-fluid vc_row-has-fill vc_general vc_parallax vc_parallax-content-moving\"><div class=\"wpb_animate_when_almost_visible wpb_top-to-bottom top-to-bottom wpb_column vc_column_container vc_col-sm-12\"><div class=\"vc_column-inner\"><div class=\"wpb_wrapper\">\t<div class=\"dr-quote\">\n\t\t<div class=\"container\">\n\t\t\t<div class=\"row\">\n\t\t\t\t<div class=\"col-md-12\">\n\t\t\t\t\t<span class=\"quote\">\u201eDen Herausforderungen eines sich st\u00e4ndig ver\u00e4ndernden Gesundheitsumfelds begegnen.\u201c<\/span><span class=\"name\">- \"MEDEXPRESS 2022\"<\/span>\t\t\t\t<\/div>\n\t\t\t<\/div>\n\t\t<\/div>\n\t<\/div>\n\t<\/div><\/div><\/div><\/div><div class=\"vc_row wpb_row vc_row-fluid vc_custom_1474014779690\"><div class=\"wpb_animate_when_almost_visible wpb_fadeInUp fadeInUp wpb_column vc_column_container vc_col-sm-12 vc_col-has-fill\"><div class=\"vc_column-inner vc_custom_1703876219081\"><div class=\"wpb_wrapper\">\t<div class=\"container main-heading-container\">\n\t\t<div class=\"main-title\">\n\t\t\t<h2><strong>Erfahren<\/strong> Medezinische Angestellte:<\/h2>\t\t<\/div>\n\t<\/div>\n\t\t<div class=\"container main-heading-container\">\n\t\t<div class=\"main-title\">\n\t\t\t<p>In unseren medizinischen Zentren verf\u00fcgen wir \u00fcber ein Team hochqualifizierter medizinischer Fachkr\u00e4fte, die sich f\u00fcr eine hervorragende Versorgung einsetzen. Unser Personal besteht aus 12 \u00c4rzten, die Englisch, Deutsch, Franz\u00f6sisch, Russisch und Bulgarisch beherrschen. Dar\u00fcber hinaus haben wir drei Krankenschwestern, die das medizinische Team dabei unterst\u00fctzen, unsere Patienten aufmerksam und mitf\u00fchlend zu betreuen.<\/p>\t\t<\/div>\n\t<\/div>\n\t\n\t<div  class=\"wpb_single_image wpb_content_element vc_align_center wpb_content_element\">\n\t\t\n\t\t<figure class=\"wpb_wrapper vc_figure\">\n\t\t\t<div class=\"vc_single_image-wrapper vc_box_rounded  vc_box_border_grey\"><img loading=\"lazy\" decoding=\"async\" width=\"710\" height=\"545\" src=\"https:\/\/medexpress2022.com\/wp-content\/uploads\/2019\/03\/welcome-img.jpg\" class=\"vc_single_image-img attachment-large\" alt=\"\" title=\"welcome-img\" srcset=\"https:\/\/medexpress2022.com\/wp-content\/uploads\/2019\/03\/welcome-img.jpg 912w, https:\/\/medexpress2022.com\/wp-content\/uploads\/2019\/03\/welcome-img-300x230.jpg 300w, https:\/\/medexpress2022.com\/wp-content\/uploads\/2019\/03\/welcome-img-768x589.jpg 768w\" sizes=\"auto, (max-width: 710px) 100vw, 710px\" \/><\/div>\n\t\t<\/figure>\n\t<\/div>\n<\/div><\/div><\/div><\/div><div class=\"vc_row wpb_row vc_row-fluid vc_custom_1703865792419 vc_row-has-fill\"><div class=\"wpb_animate_when_almost_visible wpb_bounceInLeft bounceInLeft wpb_column vc_column_container vc_col-sm-12\"><div class=\"vc_column-inner\"><div class=\"wpb_wrapper\">\t<div class=\"container main-heading-container\">\n\t\t<div class=\"main-title\">\n\t\t\t<h2><strong>Ausr\u00fcstung:<\/strong><\/h2>\t\t<\/div>\n\t<\/div>\n\t\t<div class=\"container main-heading-container\">\n\t\t<div class=\"main-title\">\n\t\t\t<p><strong>Um eine schnelle und effiziente Erbringung medizinischer Leistungen zu gew\u00e4hrleisten, verf\u00fcgen wir \u00fcber eine Flotte von vier Krankenwagen mit Fahrern, die mit der notwendigen medizinischen Versorgung ausgestattet sind. Dar\u00fcber hinaus steht uns f\u00fcr Notf\u00e4lle ein Reanimationsfahrzeug zur Verf\u00fcgung, das eine sofortige Reaktion und Intensivpflege gew\u00e4hrleistet.<\/strong><\/p>\t\t<\/div>\n\t<\/div>\n\t<div class=\"vc_separator wpb_content_element vc_separator_align_center vc_sep_width_100 vc_sep_pos_align_center vc_sep_color_turquoise wpb_content_element vc_separator-has-text\" ><span class=\"vc_sep_holder vc_sep_holder_l\"><span class=\"vc_sep_line\"><\/span><\/span><div class=\"vc_icon_element vc_icon_element-outer vc_do_icon vc_icon_element-align-left\"><div class=\"vc_icon_element-inner vc_icon_element-color-turquoise vc_icon_element-size-md vc_icon_element-style- vc_icon_element-background-color-grey\" ><span class=\"vc_icon_element-icon fas fa-clinic-medical\" ><\/span><\/div><\/div><h4>Zusammenarbeit mit f\u00fchrenden Privatkrankenh\u00e4usern:<\/h4><span class=\"vc_sep_holder vc_sep_holder_r\"><span class=\"vc_sep_line\"><\/span><\/span>\n<\/div>\t<div class=\"container main-heading-container\">\n\t\t<div class=\"main-title\">\n\t\t\t<p><strong>In F\u00e4llen, die eine Intensivpflege und Spezialbehandlungen erfordern, haben wir Partnerschaften mit f\u00fchrenden Privatkrankenh\u00e4usern in der Region Varna aufgebaut. Unsere Patienten k\u00f6nnen zur weiteren Behandlung und \u00dcberwachung in diese Krankenh\u00e4user verlegt werden. Zu den Krankenh\u00e4usern, mit denen wir zusammenarbeiten, geh\u00f6ren das Eurohospital, das Maichin Dom, das Kardiologische Krankenhaus Varna und das St. Marina Hospital.<\/strong><\/p>\t\t<\/div>\n\t<\/div>\n\t<div class=\"vc_separator wpb_content_element vc_separator_align_center vc_sep_width_100 vc_sep_pos_align_center vc_sep_color_turquoise wpb_content_element vc_separator-has-text\" ><span class=\"vc_sep_holder vc_sep_holder_l\"><span class=\"vc_sep_line\"><\/span><\/span><div class=\"vc_icon_element vc_icon_element-outer vc_do_icon vc_icon_element-align-left\"><div class=\"vc_icon_element-inner vc_icon_element-color-turquoise vc_icon_element-size-md vc_icon_element-style- vc_icon_element-background-color-grey\" ><span class=\"vc_icon_element-icon fas fa-id-badge\" ><\/span><\/div><\/div><h4>Lizenzierte Dienste:<\/h4><span class=\"vc_sep_holder vc_sep_holder_r\"><span class=\"vc_sep_line\"><\/span><\/span>\n<\/div>\t<div class=\"container main-heading-container\">\n\t\t<div class=\"main-title\">\n\t\t\t<p><strong>Unsere medizinischen Zentren sind f\u00fcr die \u00dcberwachung und station\u00e4re Behandlung von bis zu 48 Stunden zugelassen. Wir halten uns an strenge Qualit\u00e4tsstandards und Vorschriften, um die Sicherheit und den Komfort unserer Patienten w\u00e4hrend ihres Aufenthalts zu gew\u00e4hrleisten.<\/strong><\/p>\t\t<\/div>\n\t<\/div>\n\t<\/div><\/div><\/div><\/div><div data-vc-parallax=\"1.5\" data-vc-parallax-image=\"https:\/\/medexpress2022.com\/wp-content\/uploads\/2019\/03\/testimonial-bg.jpg\" class=\"vc_row wpb_row vc_row-fluid vc_custom_1552134939230 vc_row-has-fill vc_general vc_parallax vc_parallax-content-moving\"><div class=\"wpb_animate_when_almost_visible wpb_fadeInUp fadeInUp wpb_column vc_column_container vc_col-sm-12\"><div class=\"vc_column-inner\"><div class=\"wpb_wrapper\">\t<div class=\"patients-testi dark-testi\">\n\t\t<div class=\"container\">\n\n\t\t\t\t\t\t\t<div class=\"row\">\n\t\t\t\t\t<div class=\"col-md-12\">\n\t\t\t\t\t\t<div class=\"main-title main-title2\">\n\t\t\t\t\t\t\t<h2>Was unsere Patienten \u00fcber uns sagen<\/h2>\n\t\t\t\t\t\t<\/div>\n\t\t\t\t\t<\/div>\n\t\t\t\t<\/div>\n\t\t\t\t\n\t\t\t<div id=\"testimonials\">\n\t\t\t\t<div class=\"container\">\n\t\t\t\t\t<div class=\"row\">\n\n\t\t\t\t\t\t<div class=\"col-md-12\">\n\t\t\t\t\t\t\t<div class=\"span12\">\n\n\t\t\t\t\t\t\t\t<div id=\"owl-demo2\" class=\"owl-carousel\">\n\n\t\t\t\t\t\t\t\t\t\t\t\t\t\t\t\t\t\t\t\t<div class=\"testi-sec\">\n\t\t\t\t\t\t\t\t\t\t\t\t<img loading=\"lazy\" decoding=\"async\" width=\"270\" height=\"270\" src=\"https:\/\/medexpress2022.com\/wp-content\/uploads\/2019\/03\/testimonial-img1.jpg\" class=\"attachment-pearl_image_size_270_270 size-pearl_image_size_270_270 wp-post-image\" alt=\"\" srcset=\"https:\/\/medexpress2022.com\/wp-content\/uploads\/2019\/03\/testimonial-img1.jpg 270w, https:\/\/medexpress2022.com\/wp-content\/uploads\/2019\/03\/testimonial-img1-150x150.jpg 150w\" sizes=\"auto, (max-width: 270px) 100vw, 270px\" \/>\t\t\t\t\t\t\t\t\t\t\t\t<div class=\"height10\"><\/div>\n\t\t\t\t\t\t\t\t\t\t\t\t<span class=\"name\">Maria Vinson<\/span><span class=\"patient\">2023<\/span><div class=\"height30\"><\/div><p>Professionell, freundlich und schnell. Ausgezeichnete Erfahrung, einen Arzt aufzusuchen.<\/p>\t\t\t\t\t\t\t\t\t\t\t\t<div class=\"height35\"><\/div>\n\t\t\t\t\t\t\t\t\t\t\t<\/div>\n\t\t\t\t\t\t\t\t\t\t\t\t\t\t\t\t\t\t\t\t\t\t<div class=\"testi-sec\">\n\t\t\t\t\t\t\t\t\t\t\t\t<img loading=\"lazy\" decoding=\"async\" width=\"270\" height=\"270\" src=\"https:\/\/medexpress2022.com\/wp-content\/uploads\/2019\/03\/testimonial-img2.jpg\" class=\"attachment-pearl_image_size_270_270 size-pearl_image_size_270_270 wp-post-image\" alt=\"\" srcset=\"https:\/\/medexpress2022.com\/wp-content\/uploads\/2019\/03\/testimonial-img2.jpg 270w, https:\/\/medexpress2022.com\/wp-content\/uploads\/2019\/03\/testimonial-img2-150x150.jpg 150w\" sizes=\"auto, (max-width: 270px) 100vw, 270px\" \/>\t\t\t\t\t\t\t\t\t\t\t\t<div class=\"height10\"><\/div>\n\t\t\t\t\t\t\t\t\t\t\t\t<span class=\"name\">Mark Watson<\/span><span class=\"patient\">2023<\/span><div class=\"height30\"><\/div><p>Ich komme aus den USA und bin in Bulgarien auf ein Gesundheitsproblem gesto\u00dfen. Wurde im MedExpress Urgent Care Center gesehen und hatte eine ausgezeichnete Erfahrung. Das Personal beim Einchecken war freundlich, effizient und die Wartezeit bis zum Arztbesuch war sehr kurz. Krankenschwestern, \u00c4rzte und Techniker waren alle erstklassig, aufmerksam und sehr professionell. Ich w\u00fcrde jedem, dem ich begegnet bin, gute Noten geben. Ich war mit dem Service und der Aufmerksamkeit, die ich erhielt, sehr zufrieden.<\/p>\t\t\t\t\t\t\t\t\t\t\t\t<div class=\"height35\"><\/div>\n\t\t\t\t\t\t\t\t\t\t\t<\/div>\n\t\t\t\t\t\t\t\t\t\t\t\t\t\t\t\t\t\t\t\t\t\t<div class=\"testi-sec\">\n\t\t\t\t\t\t\t\t\t\t\t\t<img loading=\"lazy\" decoding=\"async\" width=\"270\" height=\"270\" src=\"https:\/\/medexpress2022.com\/wp-content\/uploads\/2019\/03\/testimonial-img3.jpg\" class=\"attachment-pearl_image_size_270_270 size-pearl_image_size_270_270 wp-post-image\" alt=\"\" srcset=\"https:\/\/medexpress2022.com\/wp-content\/uploads\/2019\/03\/testimonial-img3.jpg 270w, https:\/\/medexpress2022.com\/wp-content\/uploads\/2019\/03\/testimonial-img3-150x150.jpg 150w\" sizes=\"auto, (max-width: 270px) 100vw, 270px\" \/>\t\t\t\t\t\t\t\t\t\t\t\t<div class=\"height10\"><\/div>\n\t\t\t\t\t\t\t\t\t\t\t\t<span class=\"name\">Chloe Beland<\/span><span class=\"patient\">2022<\/span><div class=\"height30\"><\/div><p>Sie waren fantastisch. Ich war in Goldstrand und hatte einen Zwischenfall mit dem Fahrrad, bei dem mir die R\u00fcckenmuskulatur zerrissen wurde. Sie haben mir sofort und ohne Probleme geholfen. Die Wartezeit war f\u00fcr einen Spaziergang in der Notaufnahme sehr angemessen. Ich empfehle sehr<\/p>\t\t\t\t\t\t\t\t\t\t\t\t<div class=\"height35\"><\/div>\n\t\t\t\t\t\t\t\t\t\t\t<\/div>\n\t\t\t\t\t\t\t\t\t\t\t\t\t\t\t\t\t\t\t<\/div>\n\n\t\t\t\t\t\t\t<\/div>\n\t\t\t\t\t\t<\/div>\n\n\t\t\t\t\t<\/div>\n\t\t\t\t<\/div>\n\t\t\t<\/div>\n\n\t\t<\/div>\n\t<\/div>\n\t<\/div><\/div><\/div><\/div><div class=\"vc_row wpb_row vc_row-fluid\"><div class=\"wpb_animate_when_almost_visible wpb_fadeInLeftBig fadeInLeftBig wpb_column vc_column_container vc_col-sm-12\"><div class=\"vc_column-inner\"><div class=\"wpb_wrapper\">\t<div class=\"container main-heading-container\">\n\t\t<div class=\"main-title\">\n\t\t\t<h2><strong>Partnerhotels:<\/strong><\/h2>\t\t<\/div>\n\t<\/div>\n\t\t<div class=\"container main-heading-container\">\n\t\t<div class=\"main-title\">\n\t\t\t<p>Um einen bequemen Zugang zur medizinischen Versorgung zu erm\u00f6glichen, haben wir Partnerschaften mit zahlreichen Hotels in der Region geschlossen. Zu unseren Partnerhotels geh\u00f6ren:<\/p>\t\t<\/div>\n\t<\/div>\n\t\n\t<div class=\"wpb_text_column wpb_content_element vc_custom_1703939930315\" >\n\t\t<div class=\"wpb_wrapper\">\n\t\t\t<div class=\"page\" title=\"Page 3\">\n<div class=\"section\">\n<div class=\"layoutArea\">\n<div class=\"column\">\n<p><strong>\u25cf \u00a0Golden Sands<\/strong>: Grifid Encanto, Grifid Marea, Grifid Bolero, Grifid Metropol, Grifid Arabella, Grifid Morsko Oko, Grifid Foresta, Grifid Vistamar, Hotel Luna, Bendida Mare, Astoria and Astoria Mare, Melia Grand Hermitage, Liuliak, Joya Park, Paradise Greenpark, Argish Partes, Cristal, Riva, Havana, Mother, Afrodita, Excelsior, Arena Mare, Peronika, Odesos, Pliska, Marina Grand Beach, Bonita, Viva Club, Gladiola, Gladiola Star, Akacia, Erma Hotel, Detelina, Dolphin Complex, Vezhen Hotel<\/p>\n<p>\u25cf<strong> \u00a0Balchik:<\/strong> Helios, Oasis, Selena<\/p>\n<p>\u25cf<strong> \u00a0Golf Resorts:<\/strong> Topola Sky, Kaliakria<\/p>\n<\/div>\n<\/div>\n<\/div>\n<\/div>\n\n\t\t<\/div>\n\t<\/div>\n<div class=\"vc_row wpb_row vc_inner vc_row-fluid\"><div class=\"wpb_column vc_column_container vc_col-sm-12\"><div class=\"vc_column-inner\"><div class=\"wpb_wrapper\"><div class=\"vc_separator wpb_content_element vc_separator_align_center vc_sep_width_100 vc_sep_border_width_2 vc_sep_pos_align_center vc_separator_no_text vc_sep_color_turquoise wpb_content_element  wpb_content_element\" ><span class=\"vc_sep_holder vc_sep_holder_l\"><span class=\"vc_sep_line\"><\/span><\/span><span class=\"vc_sep_holder vc_sep_holder_r\"><span class=\"vc_sep_line\"><\/span><\/span>\n<\/div>\t<div class=\"container main-heading-container\">\n\t\t<div class=\"main-title\">\n\t\t\t<h2 class=\" translation-block\">Partner von <strong>Versicherungs- und Assistanceunternehmen:<\/strong><\/h2>\t\t<\/div>\n\t<\/div>\n\t\t<div class=\"container main-heading-container\">\n\t\t<div class=\"main-title\">\n\t\t\t<p>Wir haben Partnerschaften mit einer Vielzahl von Versicherungs- und Assistance-Unternehmen aus ganz Europa aufgebaut. Durch diese Zusammenarbeit k\u00f6nnen wir einen reibungslosen Ablauf f\u00fcr den Krankenversicherungsschutz unserer Patienten gew\u00e4hrleisten. Zu unseren Partnerversicherungen geh\u00f6ren:<\/p>\t\t<\/div>\n\t<\/div>\n\t\n\t<div class=\"wpb_text_column wpb_content_element vc_custom_1703939941707\" >\n\t\t<div class=\"wpb_wrapper\">\n\t\t\t<div class=\"page\" title=\"Page 3\">\n<div class=\"section\">\n<div class=\"layoutArea\">\n<div class=\"column\">\n<div class=\"page\" title=\"Page 3\">\n<div class=\"section\">\n<div class=\"layoutArea\">\n<div class=\"column\">\n<p>\u25cf <strong>\u00a0Scandinavian:<\/strong> SOS International, Gouda, Falck<\/p>\n<p>\u25cf \u00a0<strong>German<\/strong>: Allianz, Europ Assistance, DEVK, Deutsche Assistance, ADAC, etc.<\/p>\n<p>\u25cf <strong>\u00a0Belgian:<\/strong> Mutas Assistance<\/p>\n<p>\u25cf <strong>\u00a0Other:<\/strong> Interpartner, Coris, Mondial Assistance, AP Companies, etc.<\/p>\n<\/div>\n<\/div>\n<\/div>\n<\/div>\n<\/div>\n<\/div>\n<\/div>\n<\/div>\n\n\t\t<\/div>\n\t<\/div>\n<\/div><\/div><\/div><\/div><\/div><\/div><\/div><\/div>\n<\/div>","protected":false},"excerpt":{"rendered":"","protected":false},"author":1,"featured_media":0,"parent":0,"menu_order":0,"comment_status":"closed","ping_status":"closed","template":"page-templates\/home.php","meta":{"footnotes":""},"class_list":["post-30","page","type-page","status-publish","hentry"],"_links":{"self":[{"href":"https:\/\/medexpress2022.com\/de\/wp-json\/wp\/v2\/pages\/30","targetHints":{"allow":["GET"]}}],"collection":[{"href":"https:\/\/medexpress2022.com\/de\/wp-json\/wp\/v2\/pages"}],"about":[{"href":"https:\/\/medexpress2022.com\/de\/wp-json\/wp\/v2\/types\/page"}],"author":[{"embeddable":true,"href":"https:\/\/medexpress2022.com\/de\/wp-json\/wp\/v2\/users\/1"}],"replies":[{"embeddable":true,"href":"https:\/\/medexpress2022.com\/de\/wp-json\/wp\/v2\/comments?post=30"}],"version-history":[{"count":30,"href":"https:\/\/medexpress2022.com\/de\/wp-json\/wp\/v2\/pages\/30\/revisions"}],"predecessor-version":[{"id":326,"href":"https:\/\/medexpress2022.com\/de\/wp-json\/wp\/v2\/pages\/30\/revisions\/326"}],"wp:attachment":[{"href":"https:\/\/medexpress2022.com\/de\/wp-json\/wp\/v2\/media?parent=30"}],"curies":[{"name":"wp","href":"https:\/\/api.w.org\/{rel}","templated":true}]}}